{"id":3583,"date":"2024-02-19T09:17:52","date_gmt":"2024-02-19T12:17:52","guid":{"rendered":"https:\/\/niss.com.br\/?page_id=3583"},"modified":"2025-01-15T10:45:24","modified_gmt":"2025-01-15T13:45:24","slug":"seja-um-fornecedor","status":"publish","type":"page","link":"https:\/\/niss.com.br\/en\/seja-um-fornecedor\/","title":{"rendered":"Become a supplier"},"content":{"rendered":"","protected":false},"excerpt":{"rendered":"","protected":false},"author":3,"featured_media":0,"parent":0,"menu_order":0,"comment_status":"closed","ping_status":"closed","template":"template-fornecedor.php","meta":{"inline_featured_image":false,"footnotes":""},"class_list":["post-3583","page","type-page","status-publish","hentry"],"acf":[],"yoast_head":"<!-- This site is optimized with the Yoast SEO plugin v27.6 - https:\/\/yoast.com\/product\/yoast-seo-wordpress\/ -->\n<title>Seja um Fornecedor NISS | Parcerias de Confian\u00e7a<\/title>\n<meta name=\"description\" content=\"Fa\u00e7a parte da rede de fornecedores da NISS. Construa parcerias de confian\u00e7a e colabore com nossos projetos de excel\u00eancia.\" \/>\n<meta name=\"robots\" content=\"index, follow, max-snippet:-1, max-image-preview:large, max-video-preview:-1\" \/>\n<link rel=\"canonical\" href=\"https:\/\/niss.com.br\/en\/seja-um-fornecedor\/\" \/>\n<meta property=\"og:locale\" content=\"en_US\" \/>\n<meta property=\"og:type\" content=\"article\" \/>\n<meta property=\"og:title\" content=\"Seja um Fornecedor NISS | Parcerias de Confian\u00e7a\" \/>\n<meta property=\"og:description\" content=\"Fa\u00e7a parte da rede de fornecedores da NISS. Construa parcerias de confian\u00e7a e colabore com nossos projetos de excel\u00eancia.\" \/>\n<meta property=\"og:url\" content=\"https:\/\/niss.com.br\/en\/seja-um-fornecedor\/\" \/>\n<meta property=\"og:site_name\" content=\"Niss Incorporadora\" \/>\n<meta property=\"article:modified_time\" content=\"2025-01-15T13:45:24+00:00\" \/>\n<meta name=\"twitter:card\" content=\"summary_large_image\" \/>\n<script type=\"application\/ld+json\" class=\"yoast-schema-graph\">{\"@context\":\"https:\\\/\\\/schema.org\",\"@graph\":[{\"@type\":\"WebPage\",\"@id\":\"https:\\\/\\\/niss.com.br\\\/seja-um-fornecedor\\\/\",\"url\":\"https:\\\/\\\/niss.com.br\\\/seja-um-fornecedor\\\/\",\"name\":\"Seja um Fornecedor NISS | Parcerias de Confian\u00e7a\",\"isPartOf\":{\"@id\":\"https:\\\/\\\/niss.com.br\\\/#website\"},\"datePublished\":\"2024-02-19T12:17:52+00:00\",\"dateModified\":\"2025-01-15T13:45:24+00:00\",\"description\":\"Fa\u00e7a parte da rede de fornecedores da NISS. Construa parcerias de confian\u00e7a e colabore com nossos projetos de excel\u00eancia.\",\"inLanguage\":\"en-US\",\"potentialAction\":[{\"@type\":\"ReadAction\",\"target\":[\"https:\\\/\\\/niss.com.br\\\/seja-um-fornecedor\\\/\"]}]},{\"@type\":\"WebSite\",\"@id\":\"https:\\\/\\\/niss.com.br\\\/#website\",\"url\":\"https:\\\/\\\/niss.com.br\\\/\",\"name\":\"Niss Incorporadora\",\"description\":\"\",\"potentialAction\":[{\"@type\":\"SearchAction\",\"target\":{\"@type\":\"EntryPoint\",\"urlTemplate\":\"https:\\\/\\\/niss.com.br\\\/?s={search_term_string}\"},\"query-input\":{\"@type\":\"PropertyValueSpecification\",\"valueRequired\":true,\"valueName\":\"search_term_string\"}}],\"inLanguage\":\"en-US\"}]}<\/script>\n<!-- \/ Yoast SEO plugin. -->","yoast_head_json":{"title":"Seja um Fornecedor NISS | Parcerias de Confian\u00e7a","description":"Fa\u00e7a parte da rede de fornecedores da NISS. Construa parcerias de confian\u00e7a e colabore com nossos projetos de excel\u00eancia.","robots":{"index":"index","follow":"follow","max-snippet":"max-snippet:-1","max-image-preview":"max-image-preview:large","max-video-preview":"max-video-preview:-1"},"canonical":"https:\/\/niss.com.br\/en\/seja-um-fornecedor\/","og_locale":"en_US","og_type":"article","og_title":"Seja um Fornecedor NISS | Parcerias de Confian\u00e7a","og_description":"Fa\u00e7a parte da rede de fornecedores da NISS. Construa parcerias de confian\u00e7a e colabore com nossos projetos de excel\u00eancia.","og_url":"https:\/\/niss.com.br\/en\/seja-um-fornecedor\/","og_site_name":"Niss Incorporadora","article_modified_time":"2025-01-15T13:45:24+00:00","twitter_card":"summary_large_image","schema":{"@context":"https:\/\/schema.org","@graph":[{"@type":"WebPage","@id":"https:\/\/niss.com.br\/seja-um-fornecedor\/","url":"https:\/\/niss.com.br\/seja-um-fornecedor\/","name":"Seja um Fornecedor NISS | Parcerias de Confian\u00e7a","isPartOf":{"@id":"https:\/\/niss.com.br\/#website"},"datePublished":"2024-02-19T12:17:52+00:00","dateModified":"2025-01-15T13:45:24+00:00","description":"Fa\u00e7a parte da rede de fornecedores da NISS. Construa parcerias de confian\u00e7a e colabore com nossos projetos de excel\u00eancia.","inLanguage":"en-US","potentialAction":[{"@type":"ReadAction","target":["https:\/\/niss.com.br\/seja-um-fornecedor\/"]}]},{"@type":"WebSite","@id":"https:\/\/niss.com.br\/#website","url":"https:\/\/niss.com.br\/","name":"Niss Incorporadora","description":"","potentialAction":[{"@type":"SearchAction","target":{"@type":"EntryPoint","urlTemplate":"https:\/\/niss.com.br\/?s={search_term_string}"},"query-input":{"@type":"PropertyValueSpecification","valueRequired":true,"valueName":"search_term_string"}}],"inLanguage":"en-US"}]}},"_links":{"self":[{"href":"https:\/\/niss.com.br\/en\/wp-json\/wp\/v2\/pages\/3583","targetHints":{"allow":["GET"]}}],"collection":[{"href":"https:\/\/niss.com.br\/en\/wp-json\/wp\/v2\/pages"}],"about":[{"href":"https:\/\/niss.com.br\/en\/wp-json\/wp\/v2\/types\/page"}],"author":[{"embeddable":true,"href":"https:\/\/niss.com.br\/en\/wp-json\/wp\/v2\/users\/3"}],"replies":[{"embeddable":true,"href":"https:\/\/niss.com.br\/en\/wp-json\/wp\/v2\/comments?post=3583"}],"version-history":[{"count":0,"href":"https:\/\/niss.com.br\/en\/wp-json\/wp\/v2\/pages\/3583\/revisions"}],"wp:attachment":[{"href":"https:\/\/niss.com.br\/en\/wp-json\/wp\/v2\/media?parent=3583"}],"curies":[{"name":"wp","href":"https:\/\/api.w.org\/{rel}","templated":true}]}}