{"id":14,"date":"2023-11-06T16:56:00","date_gmt":"2023-11-06T19:56:00","guid":{"rendered":"https:\/\/niss.com.br\/?page_id=14"},"modified":"2026-03-13T17:48:11","modified_gmt":"2026-03-13T20:48:11","slug":"contato","status":"publish","type":"page","link":"https:\/\/niss.com.br\/en\/contato\/","title":{"rendered":"Contact"},"content":{"rendered":"<p>Contact us through our service channels:<\/p>","protected":false},"excerpt":{"rendered":"<p>Contact us through our service channels:<\/p>","protected":false},"author":2,"featured_media":0,"parent":0,"menu_order":0,"comment_status":"closed","ping_status":"closed","template":"template-contato.php","meta":{"inline_featured_image":false,"footnotes":""},"class_list":["post-14","page","type-page","status-publish","hentry"],"acf":[],"yoast_head":"<!-- This site is optimized with the Yoast SEO plugin v27.6 - https:\/\/yoast.com\/product\/yoast-seo-wordpress\/ -->\n<title>Fale com a NISS | Entre em Contato Conosco<\/title>\n<meta name=\"description\" content=\"Entre em contato com a NISS para informa\u00e7\u00f5es sobre empreendimentos, d\u00favidas ou sugest\u00f5es. Estamos prontos para te atender.\" \/>\n<meta name=\"robots\" content=\"index, follow, max-snippet:-1, max-image-preview:large, max-video-preview:-1\" \/>\n<link rel=\"canonical\" href=\"https:\/\/niss.com.br\/en\/contato\/\" \/>\n<meta property=\"og:locale\" content=\"en_US\" \/>\n<meta property=\"og:type\" content=\"article\" \/>\n<meta property=\"og:title\" content=\"Fale com a NISS | Entre em Contato Conosco\" \/>\n<meta property=\"og:description\" content=\"Entre em contato com a NISS para informa\u00e7\u00f5es sobre empreendimentos, d\u00favidas ou sugest\u00f5es. Estamos prontos para te atender.\" \/>\n<meta property=\"og:url\" content=\"https:\/\/niss.com.br\/en\/contato\/\" \/>\n<meta property=\"og:site_name\" content=\"Niss Incorporadora\" \/>\n<meta property=\"article:modified_time\" content=\"2026-03-13T20:48:11+00:00\" \/>\n<meta name=\"twitter:card\" content=\"summary_large_image\" \/>\n<meta name=\"twitter:label1\" content=\"Est. reading time\" \/>\n\t<meta name=\"twitter:data1\" content=\"1 minute\" \/>\n<script type=\"application\/ld+json\" class=\"yoast-schema-graph\">{\"@context\":\"https:\\\/\\\/schema.org\",\"@graph\":[{\"@type\":\"WebPage\",\"@id\":\"https:\\\/\\\/niss.com.br\\\/contato\\\/\",\"url\":\"https:\\\/\\\/niss.com.br\\\/contato\\\/\",\"name\":\"Fale com a NISS | Entre em Contato Conosco\",\"isPartOf\":{\"@id\":\"https:\\\/\\\/niss.com.br\\\/#website\"},\"datePublished\":\"2023-11-06T19:56:00+00:00\",\"dateModified\":\"2026-03-13T20:48:11+00:00\",\"description\":\"Entre em contato com a NISS para informa\u00e7\u00f5es sobre empreendimentos, d\u00favidas ou sugest\u00f5es. Estamos prontos para te atender.\",\"inLanguage\":\"en-US\",\"potentialAction\":[{\"@type\":\"ReadAction\",\"target\":[\"https:\\\/\\\/niss.com.br\\\/contato\\\/\"]}]},{\"@type\":\"WebSite\",\"@id\":\"https:\\\/\\\/niss.com.br\\\/#website\",\"url\":\"https:\\\/\\\/niss.com.br\\\/\",\"name\":\"Niss Incorporadora\",\"description\":\"\",\"potentialAction\":[{\"@type\":\"SearchAction\",\"target\":{\"@type\":\"EntryPoint\",\"urlTemplate\":\"https:\\\/\\\/niss.com.br\\\/?s={search_term_string}\"},\"query-input\":{\"@type\":\"PropertyValueSpecification\",\"valueRequired\":true,\"valueName\":\"search_term_string\"}}],\"inLanguage\":\"en-US\"}]}<\/script>\n<!-- \/ Yoast SEO plugin. -->","yoast_head_json":{"title":"Fale com a NISS | Entre em Contato Conosco","description":"Entre em contato com a NISS para informa\u00e7\u00f5es sobre empreendimentos, d\u00favidas ou sugest\u00f5es. Estamos prontos para te atender.","robots":{"index":"index","follow":"follow","max-snippet":"max-snippet:-1","max-image-preview":"max-image-preview:large","max-video-preview":"max-video-preview:-1"},"canonical":"https:\/\/niss.com.br\/en\/contato\/","og_locale":"en_US","og_type":"article","og_title":"Fale com a NISS | Entre em Contato Conosco","og_description":"Entre em contato com a NISS para informa\u00e7\u00f5es sobre empreendimentos, d\u00favidas ou sugest\u00f5es. Estamos prontos para te atender.","og_url":"https:\/\/niss.com.br\/en\/contato\/","og_site_name":"Niss Incorporadora","article_modified_time":"2026-03-13T20:48:11+00:00","twitter_card":"summary_large_image","twitter_misc":{"Est. reading time":"1 minute"},"schema":{"@context":"https:\/\/schema.org","@graph":[{"@type":"WebPage","@id":"https:\/\/niss.com.br\/contato\/","url":"https:\/\/niss.com.br\/contato\/","name":"Fale com a NISS | Entre em Contato Conosco","isPartOf":{"@id":"https:\/\/niss.com.br\/#website"},"datePublished":"2023-11-06T19:56:00+00:00","dateModified":"2026-03-13T20:48:11+00:00","description":"Entre em contato com a NISS para informa\u00e7\u00f5es sobre empreendimentos, d\u00favidas ou sugest\u00f5es. Estamos prontos para te atender.","inLanguage":"en-US","potentialAction":[{"@type":"ReadAction","target":["https:\/\/niss.com.br\/contato\/"]}]},{"@type":"WebSite","@id":"https:\/\/niss.com.br\/#website","url":"https:\/\/niss.com.br\/","name":"Niss Incorporadora","description":"","potentialAction":[{"@type":"SearchAction","target":{"@type":"EntryPoint","urlTemplate":"https:\/\/niss.com.br\/?s={search_term_string}"},"query-input":{"@type":"PropertyValueSpecification","valueRequired":true,"valueName":"search_term_string"}}],"inLanguage":"en-US"}]}},"_links":{"self":[{"href":"https:\/\/niss.com.br\/en\/wp-json\/wp\/v2\/pages\/14","targetHints":{"allow":["GET"]}}],"collection":[{"href":"https:\/\/niss.com.br\/en\/wp-json\/wp\/v2\/pages"}],"about":[{"href":"https:\/\/niss.com.br\/en\/wp-json\/wp\/v2\/types\/page"}],"author":[{"embeddable":true,"href":"https:\/\/niss.com.br\/en\/wp-json\/wp\/v2\/users\/2"}],"replies":[{"embeddable":true,"href":"https:\/\/niss.com.br\/en\/wp-json\/wp\/v2\/comments?post=14"}],"version-history":[{"count":0,"href":"https:\/\/niss.com.br\/en\/wp-json\/wp\/v2\/pages\/14\/revisions"}],"wp:attachment":[{"href":"https:\/\/niss.com.br\/en\/wp-json\/wp\/v2\/media?parent=14"}],"curies":[{"name":"wp","href":"https:\/\/api.w.org\/{rel}","templated":true}]}}